{"id":383,"date":"2021-04-28T19:51:17","date_gmt":"2021-04-28T17:51:17","guid":{"rendered":"https:\/\/pension-en.de\/hotels\/?page_id=383"},"modified":"2024-08-01T02:35:24","modified_gmt":"2024-08-01T00:35:24","slug":"pension-hotel-hamburg-billig-buchen","status":"publish","type":"page","link":"https:\/\/pension-en.de\/hotels\/pension-hotel-hamburg-billig-buchen","title":{"rendered":"Pension Hotel Hamburg billig buchen"},"content":{"rendered":"<h3>Hotelangebote Hamburg Urlaub g\u00fcnstig buchen<\/h3>\n<div class=\"su-tabs su-tabs-style-default su-tabs-mobile-stack\" data-active=\"1\" data-scroll-offset=\"0\" data-anchor-in-url=\"no\"><div class=\"su-tabs-nav\"><span class=\"\" data-url=\"\" data-target=\"blank\" tabindex=\"0\" role=\"button\">Suche<\/span><span class=\"\" data-url=\"\" data-target=\"blank\" tabindex=\"0\" role=\"button\">Empfehlung<\/span><span class=\"\" data-url=\"\" data-target=\"blank\" tabindex=\"0\" role=\"button\">Wetter<\/span><span class=\"\" data-url=\"\" data-target=\"blank\" tabindex=\"0\" role=\"button\">Karte<\/span><\/div><div class=\"su-tabs-panes\"><div class=\"su-tabs-pane su-u-clearfix su-u-trim\" data-title=\"Suche\">\n<div\n  data-skyscanner-widget=\"HotelSearchWidget\"   \n  data-locale=\"de-DE\"\n  data-market=\"DE\"\n  data-currency=\"EUR\"\n  data-media-partner-id=\"2891447\"\n  data-ad-id=\"1103261\"\n  data-origin-geo-lookup=\"true\"\n  data-powered-by-logo-colour=\"light\"\n><\/div>\n<p><script src=\"https:\/\/widgets.skyscanner.net\/widget-server\/js\/loader.js\" async><\/script><\/div>\n<div class=\"su-tabs-pane su-u-clearfix su-u-trim\" data-title=\"Empfehlung\">\n<h3>Hansestadt<\/h3>\n<div class=\"su-list\" style=\"margin-left:0px\">\n<div class=\"su-custom-gallery su-custom-gallery-align-left su-custom-gallery-title-hover\"><div class=\"su-custom-gallery-slide\" style=\"width:90px;height:90px\"><a><img loading=\"lazy\" decoding=\"async\" src=\"https:\/\/pension-en.de\/wp-content\/uploads\/0-a-and-o-hostel-Hammerbrook-hh.jpg\" alt=\"A&#038;O Hotel &#038; Hostel in Hamburg City in Hammerbrook HH Hotelbewertung Gut 7,7\" width=\"90\" height=\"90\" \/><span class=\"su-custom-gallery-title\">A&#038;O Hotel &#038; Hostel in Hamburg City in Hammerbrook HH Hotelbewertung Gut 7,7<\/span><\/a><\/div><div class=\"su-clear\"><\/div><\/div>\n<div class=\"su-custom-gallery su-custom-gallery-align-left su-custom-gallery-title-hover\"><div class=\"su-custom-gallery-slide\" style=\"width:90px;height:90px\"><a><img loading=\"lazy\" decoding=\"async\" src=\"https:\/\/pension-en.de\/wp-content\/uploads\/00-4sterne-Radisson-Blu-st-pauli-hh.jpg\" alt=\"Urlaub im 4 Sterne Hotel Radisson Blu St.Pauli Hotelbewertung Hervorragend 9,0 Hamburg\" width=\"90\" height=\"90\" \/><span class=\"su-custom-gallery-title\">Urlaub im 4 Sterne Hotel Radisson Blu St.Pauli Hotelbewertung Hervorragend 9,0 Hamburg<\/span><\/a><\/div><div class=\"su-clear\"><\/div><\/div>\n<div class=\"su-custom-gallery su-custom-gallery-align-left su-custom-gallery-title-hover\"><div class=\"su-custom-gallery-slide\" style=\"width:90px;height:90px\"><a><img loading=\"lazy\" decoding=\"async\" src=\"https:\/\/pension-en.de\/wp-content\/uploads\/00-3sterne-Norddeutscher-Hof-st-georg-hh.jpg\" alt=\"Urlaub im 3 Sterne Hotel Norddeutscher Hof in St.Georg Hotelbewertung Sehr Gut 8.0 Hamburg\" width=\"90\" height=\"90\" \/><span class=\"su-custom-gallery-title\">Urlaub im 3 Sterne Hotel Norddeutscher Hof in St.Georg Hotelbewertung Sehr Gut 8.0 Hamburg<\/span><\/a><\/div><div class=\"su-clear\"><\/div><\/div>\n<div class=\"su-custom-gallery su-custom-gallery-align-left su-custom-gallery-title-hover\"><div class=\"su-custom-gallery-slide\" style=\"width:90px;height:90px\"><a><img loading=\"lazy\" decoding=\"async\" src=\"https:\/\/pension-en.de\/wp-content\/uploads\/00-3-strerne-Grand-City-Hotel-HH-Mitte.jpg\" alt=\"Urlaub im 3 Strerne Grand City Hotel in Hammerbrook Hamburg Mitte Hotelbewertung Gut 7,5\" width=\"90\" height=\"90\" \/><span class=\"su-custom-gallery-title\">Urlaub im 3 Strerne Grand City Hotel in Hammerbrook Hamburg Mitte Hotelbewertung Gut 7,5<\/span><\/a><\/div><div class=\"su-clear\"><\/div><\/div>\n<div class=\"su-custom-gallery su-custom-gallery-align-left su-custom-gallery-title-hover\"><div class=\"su-custom-gallery-slide\" style=\"width:90px;height:90px\"><a><img loading=\"lazy\" decoding=\"async\" src=\"https:\/\/pension-en.de\/wp-content\/uploads\/0-5Sterne-Clipper-Boardinghouse-Elb-Lodge-HH-Altona.jpg\" alt=\"Urlaub im 5 Sterne Hotel Clipper Boardinghouse Elb Lodge in Hamburg Altona am Hafen Ausgezeichnet 8,6 Hotelbewertung\" width=\"90\" height=\"90\" \/><span class=\"su-custom-gallery-title\">Urlaub im 5 Sterne Hotel Clipper Boardinghouse Elb Lodge in Hamburg Altona am Hafen Ausgezeichnet 8,6 Hotelbewertung<\/span><\/a><\/div><div class=\"su-clear\"><\/div><\/div>\n<div class=\"su-custom-gallery su-custom-gallery-align-left su-custom-gallery-title-hover\"><div class=\"su-custom-gallery-slide\" style=\"width:90px;height:90px\"><a><img loading=\"lazy\" decoding=\"async\" src=\"https:\/\/pension-en.de\/wp-content\/uploads\/00-3Sterne-Hotel-Stella-Maris-Neustadt-HH-Stadt-Mitte.jpg\" alt=\"Urlaub im 3 Sterne Hotel Stella Maris in Neustadt HH Stadt-Mitte Hamburg Sehr gut 8,3 Bewertung\" width=\"90\" height=\"90\" \/><span class=\"su-custom-gallery-title\">Urlaub im 3 Sterne Hotel Stella Maris in Neustadt HH Stadt-Mitte Hamburg Sehr gut 8,3 Bewertung<\/span><\/a><\/div><div class=\"su-clear\"><\/div><\/div>\n<\/div>\n<\/div>\n<div class=\"su-tabs-pane su-u-clearfix su-u-trim\" data-title=\"Wetter\">\n<table border=\"0\">\n<tr>\n<th align=\"left\" valign=\"top\" width=\"200\" height=\"75\">\n<a href=\"https:\/\/www.weatheronline.co.uk\/cgi-bin\/homecif?WMO=10147&#038;L=en&#038;WIDTH=180&#038;HEIGHT=150&#038;CLOUD=1&#038;V=2\" target=\"Angebote\" id=\"myfavorite\" rel=\"noopener noreferrer\"><\/p>\n<h4>Wetter<\/h4>\n<p><\/a><\/p>\n<hr>\n<p><br clear=all><\/p>\n<\/th>\n<th align=\"center\" valign=\"top\" width=\"186\"> <center>Wettervorhersage<\/center><br \/>\n <br \/><iframe loading=\"lazy\" frameborder=\"0\" width=\"100%\" height=\"100%\" src=\"https:\/\/www.weatheronline.co.uk\/cgi-bin\/homecif?WMO=10147&#038;L=en&#038;WIDTH=180&#038;HEIGHT=150&#038;CLOUD=1&#038;V=2\" name=\"Wetter Hammamet\" scrolling=\"auto\"><\/iframe>\n<\/th>\n<th align=\"right\"  valign=\"top\" width=\"0\"><\/th>\n<\/tr>\n<\/tr>\n<\/table>\n<\/div>\n<div class=\"su-tabs-pane su-u-clearfix su-u-trim\" data-title=\"Karte\"><div class=\"su-gmap su-u-responsive-media-yes\"><iframe loading=\"lazy\" width=\"600\" height=\"400\" src=\"\/\/maps.google.com\/maps?q=Hamburgerhafen&amp;output=embed\" title=\"\"><\/iframe><\/div><\/div><\/div><\/div>\n<h3>Billige Hotelangebote Altona Eimsb\u00fcttel Wandsbek Bergedorf Harburg HafenCity Neustadt St.Pauli St.Georg Hammerbrook Borgfelde Hamm Horn Billstedt Finkenwerder Ottensen Bahrenfeld Lurup Osdorf Blankenese Eimsb\u00fcttel Rotherbaum Harvestehude Lokstedt Niendorf Schnelsen Eppendorf Wilhelmsburg Winterhude Barmbek Fuhlsb\u00fcttel Langenhorn Eilbek Jenfeld Bramfeld Steilshoop Wellingsb\u00fcttel Sasel Poppenb\u00fcttel Hummelsb\u00fcttel Rahlstedt Lohbr\u00fcgge Altengamme Kirchwerder Neuallerm\u00f6he Wilstorf Hausbruch Neugraben-Fischbek Strand 2 3 4 5 Sterne Hotel Angebote All-inclusive mit Fr\u00fchst\u00fcck oder Halbpension \u2013 <a href=\"https:\/\/0kreuzfahrten.de\/\" target=\"_blank\" rel=\"noopener\"><strong>Nordsee Kreuzfahrt<\/strong><\/a> &#8211; <a href=\"https:\/\/reisen-travel.com\/fluege\/flug-de\/deutschland-flights\/hamburg-flights\/\" target=\"_blank\" rel=\"noopener\"><strong>Fl\u00fcge Flug Ticket<\/strong><\/a><\/h3>\n<p><br\/ ><br \/>\n<br\/ ><br \/>\n<br\/ ><\/p>\n","protected":false},"excerpt":{"rendered":"<p>Hotelangebote Hamburg Urlaub g\u00fcnstig buchen Billige Hotelangebote Altona Eimsb\u00fcttel Wandsbek Bergedorf Harburg HafenCity Neustadt St.Pauli St.Georg Hammerbrook Borgfelde Hamm Horn Billstedt Finkenwerder Ottensen Bahrenfeld Lurup Osdorf Blankenese Eimsb\u00fcttel Rotherbaum Harvestehude Lokstedt Niendorf Schnelsen Eppendorf Wilhelmsburg Winterhude Barmbek Fuhlsb\u00fcttel Langenhorn Eilbek &hellip; <a href=\"https:\/\/pension-en.de\/hotels\/pension-hotel-hamburg-billig-buchen\">Weiterlesen <span class=\"meta-nav\">&rarr;<\/span><\/a><\/p>\n","protected":false},"author":1,"featured_media":0,"parent":0,"menu_order":0,"comment_status":"closed","ping_status":"closed","template":"","meta":{"footnotes":""},"class_list":["post-383","page","type-page","status-publish","hentry"],"_links":{"self":[{"href":"https:\/\/pension-en.de\/hotels\/wp-json\/wp\/v2\/pages\/383","targetHints":{"allow":["GET"]}}],"collection":[{"href":"https:\/\/pension-en.de\/hotels\/wp-json\/wp\/v2\/pages"}],"about":[{"href":"https:\/\/pension-en.de\/hotels\/wp-json\/wp\/v2\/types\/page"}],"author":[{"embeddable":true,"href":"https:\/\/pension-en.de\/hotels\/wp-json\/wp\/v2\/users\/1"}],"replies":[{"embeddable":true,"href":"https:\/\/pension-en.de\/hotels\/wp-json\/wp\/v2\/comments?post=383"}],"version-history":[{"count":8,"href":"https:\/\/pension-en.de\/hotels\/wp-json\/wp\/v2\/pages\/383\/revisions"}],"predecessor-version":[{"id":512,"href":"https:\/\/pension-en.de\/hotels\/wp-json\/wp\/v2\/pages\/383\/revisions\/512"}],"wp:attachment":[{"href":"https:\/\/pension-en.de\/hotels\/wp-json\/wp\/v2\/media?parent=383"}],"curies":[{"name":"wp","href":"https:\/\/api.w.org\/{rel}","templated":true}]}}