{"id":393,"date":"2021-04-28T21:56:48","date_gmt":"2021-04-28T19:56:48","guid":{"rendered":"https:\/\/pension-en.de\/hotels\/?page_id=393"},"modified":"2021-10-08T21:13:17","modified_gmt":"2021-10-08T19:13:17","slug":"bayern-urlaub-bayerischer-wald","status":"publish","type":"page","link":"https:\/\/pension-en.de\/hotels\/bayern-urlaub-bayerischer-wald","title":{"rendered":"Urlaub Bayerischer Wald"},"content":{"rendered":"<h3>Hotel Pension im Bayerischer Wald ideal f\u00fcr Familien mit Kindern<\/h3>\n<div class=\"tabber\">\n<div class=\"tabbertab\">\n<h3>Hotel<\/h3>\n<div\n  data-skyscanner-widget=\"HotelSearchWidget\"\n  data-locale=\"de-DE\"\n  data-market=\"DE\"\n  data-currency=\"EUR\"\n  data-campaign-id=\"13416\"\n  data-media-partner-id=\"2891447\"\n  data-ad-id=\"1103261\"\n><\/div>\n<p><script src=\"https:\/\/widgets.skyscanner.net\/widget-server\/js\/loader.js\" async><\/script>\n<\/div>\n<div class=\"tabbertab\">\n<h3>Empfehlung<\/h3>\n<p><a href=\"https:\/\/pension-en.de\/hotels\/wp-content\/uploads\/01-bayern-urlaub-93471-arnbruck-hotel-zur-poschinger-huette-zellertal-bayerwald.jpg\"><img loading=\"lazy\" decoding=\"async\" src=\"https:\/\/pension-en.de\/hotels\/wp-content\/uploads\/01-bayern-urlaub-93471-arnbruck-hotel-zur-poschinger-huette-zellertal-bayerwald-300x172.jpg\" alt=\"Bayernurlaub 93471 Arnbruck Hotel Zur Poschinger H\u00fctte im Zellertal im Bayerwald Natinalpark\" width=\"300\" height=\"172\" class=\"alignleft size-medium wp-image-64\" srcset=\"https:\/\/pension-en.de\/wp-content\/uploads\/01-bayern-urlaub-93471-arnbruck-hotel-zur-poschinger-huette-zellertal-bayerwald-300x172.jpg 300w, https:\/\/pension-en.de\/wp-content\/uploads\/01-bayern-urlaub-93471-arnbruck-hotel-zur-poschinger-huette-zellertal-bayerwald-500x287.jpg 500w, https:\/\/pension-en.de\/wp-content\/uploads\/01-bayern-urlaub-93471-arnbruck-hotel-zur-poschinger-huette-zellertal-bayerwald.jpg 699w\" sizes=\"auto, (max-width: 300px) 100vw, 300px\" \/><\/a> Die bei Stammg\u00e4sten sehr beliebte Pension Zur Poschinger H\u00fctte im Zellertal zwischen den <strong>Kurorten Bodenmais<\/strong> und <strong>Bad K\u00f6tzting<\/strong> an der Glasstra\u00dfe, ruhig am Waldrand gelegen ist ideal f\u00fcr einen <strong>Sommerurlaub<\/strong> zum Wandern in der <strong>Arber Region<\/strong> oder f\u00fcr einen <strong>Winterurlaub<\/strong> zum Ski fahren f\u00fcr die Abfahrt sowie f\u00fcr Langlauf auf gespurten Loipen nicht weit vom Zentrum des Ortes <strong>Glasdorf<\/strong>es Arnbruck entfernt.<br \/>\nAngaben zur Unterkunft: Famili\u00e4r gef\u00fchrtes Landhotel im Bayrischen Stil mit pers\u00f6nlicher Atmosph\u00e4re die Betreiber Evi und Georg Schr\u00f6tter sowie das Team tun alles, um den Besuchern und G\u00e4sten des Hauses den Aufenthalt im Urlaub so angenehm wie m\u00f6glich zu machen. Vom Gasthaus der Sonnenterrasse und den Zimmern hat man einen Panoramablick ins Zellertal.<br \/>\nBuchen k\u00f6nnen Sie die Ferienwohnungen und Zimmer mit und ohne Fr\u00fchst\u00fcck sowie mit Halbpension, eine \u00dcbernachtung kostet ab 19,- Euro inklusive Fr\u00fchst\u00fcck. Vor dem Haus finden Sie Spazierwege, Wanderwege und Parkpl\u00e4tze sowie Garagen (im Winter interessant).<br \/>\nDie Zimmer sind ger\u00e4umig mit mit separater Dusche und WC, Radio, Sat.-TV, Safe sowie Vorraum in dem man auf einer Minik\u00fcche kochen kann f\u00fcr Sebstversorger.<br \/>\nSport, Unterhaltung: Fahrradvermietung, \u00f6ffentliches Panoramahallenbad mit Sauna ca. 3 km, kostenloses Freibad Drachselsried ca. 3 km, der neue geschaffene Vital-Parcours f\u00fcr jede Jahreszeit bietet sechs Routen unterschiedlicher Schwierigkeit f\u00fcr Nordic-Walking, Laufen und Wandern im <strong>Naturpark<\/strong>. Dazu eine Technik-Route, basierend auf der \u201e7-Steps-Methode\u201c des Deutschen Nordic-Walking-Verbandes, Joggen, Mountainbiketouren, Radwege, Radfahren Wanderwege zum Wandern in unmittelbarer N\u00e4he, Ski fahren, Langlauf auf gespurten Loipen am Ort, weitere <strong>Wandergebiete Eck-Riedelstein<\/strong> ca. 5 km und <strong>Gro\u00dfer Arber<\/strong>, <strong>Abersee<\/strong> ca. 9 km entfernt. Erlebnisbad in Bad K\u00f6tzting.<br \/>\nGut zu wissen,<br \/>\nAusgezeichnete K\u00fcche &#8211; mit bayerischen Schmankerln mit Produkten aus heimischen Betrieben und der Landwirtschaft<br \/>\nF\u00fcr Winterurlauber, alle Strassen in der Region werden im Winter von Eis und Schnee freigehalten Sie erreichen Ihre Unterkunft ohne Probleme.<\/p>\n<p>\n<center><br \/>\n<a href=\"https:\/\/zur-poschinger-huette.de\/\" target=\"_blank\" rel=\"noopener noreferrer\"><strong>Pension Zur Poschinger H\u00fctte &#8211; Telefon: 09945349<\/strong><\/a> &#8211; <a href=\"https:\/\/goo.gl\/we4y31\" targed=\"_blank\" title=\"Bildergalerie Bayerischer Wald\">Bildergalerie<\/a><br \/>\n<\/center>\n<\/div>\n<div class=\"tabbertab\">\n<h3>Pauschalangebote<\/h3>\n<p><iframe loading=\"lazy\" frameborder=\"0\" src=\"https:\/\/xbe2.travelsystem.de\/xbe.php?XBE=1001&#038;SF=3&#038;AGENT=T-10596-1&#038;REGION=DS&#038;ZIEL=AGB&#038;CSS[search-background]=F0FFFF&#038;SEARCHS=l&#038;CSS[toolbar-background]=066393&#038;CSS[button-background]=22DDDD&#038;CSS[price]=695360&#038;frameVersion=1\" scrolling=\"auto\" width=\"100%\" height=\"4000\" name=\"bayerwald\"><\/p>\n<p>Ihr Browser kann leider keine eingebetteten Frames anzeigen:<br \/>\n  Sie k&ouml;nnen die eingebettete Seite &uuml;ber den folgenden Verweis<br \/>\n  aufrufen: <a href=\"https:\/\/xbe2.travelsystem.de\/xbe.php?XBE=1001&#038;SF=3x1x2&#038;AGENT=T-10596-1&#038;REGION=DS&#038;ZIEL=AGB&#038;CSS[search-background]=F0FFFF&#038;CSS&#038;SEARCHS=l[toolbar-background]=066393&#038;CSS[button-background]=22DDDD&#038;CSS[price]=695360&#038;frameVersion=1\" scrolling=\"auto\"><\/a><\/iframe>\n<\/p>\n<p><strong>Kurzurlaub g\u00fcnstig buchen<\/strong><\/p>\n<p><b>Pension in Achslach Aicha vorm Wald Arnschwang Arrach Bad F\u00fcssing Bad Griesbach B\u00e4rnau Beratzhausen Bernried Bischofsmais Breitenberg Bruck B\u00fcchlberg Cerna v. Posumavi Nova Pec Nyrsko Volary Zdikov Dietersburg Eging am See Eppenschlag Eschlkam Etzelwang Falkenfels Falkenstein Frauenau Freudenberg Freyung F\u00fcrstenstein Furth im Wald Geiersthal Glei\u00dfenberg Gotteszell Grafenau Grafenwiesen Grafling Grainet Gro\u00dfgundertshausen Haibach Haidm\u00fchle-Bischofsreut Haselbach Hauzenberg Hebertsfelden Hengersberg Hinterschmiding Hohenau Hohenwarth Hutthurm Innernzell Kastl Kellberg Kirchberg i.W. Kirchdorf Kollnburg Konzell Lalling Langdorf Lindberg Lohberg M\u00e4hring Mauth Miltach Neukirchen b. Hl. Blut Neukirchen beim Heiligen Blut Neukirchen bei St. Englmar Neukirchen v.W. Neunburg v. W. Neureichenau Neusch\u00f6nau Neustadt an der Waldnab Nittenau Obernzell Offenberg Patersdorf Perlesreut Pfarrkirchen Philippsreut Pilgramsberg Ploessberg Pullenreuth Rattenberg Rimbach Rinchnach Ringelai R\u00f6hrnbach R\u00f6tz Ruderting Ruhmannsfelden Saldenburg Salzweg Schmidgaden Sch\u00f6fweg Sch\u00f6llnach Sch\u00f6nberg Sch\u00f6nthal Schwarzach Sonnen Spiegelau St.Oswald Stamsried Tann Teisnach Thurmansbang Tiefenbach Tiefenbach\/Obpf. Tirschenreuth Tittling TreffelsteinUntergriesbach Viechtach Vohenstrau\u00df Walderbach Waldershof Waldkirchen Waldm\u00fcnchen Wegscheid Weiding Wiesau Windischeschenbach Windorf Zachenberg Zandt Zenting Zwiesel<\/b>\n<\/div>\n<div class=\"tabbertab\">\n<h3>Video<\/h3>\n<p><iframe loading=\"lazy\" width=\"560\" height=\"315\" src=\"https:\/\/www.youtube.com\/embed\/QdJ8zZb6-lE\" frameborder=\"0\" allow=\"autoplay; encrypted-media\" allowfullscreen><\/iframe>\n<\/div>\n<div class=\"tabbertab\">\n<h3>Karte<\/h3>\n<div class=\"su-gmap su-u-responsive-media-yes\"><iframe loading=\"lazy\" width=\"500\" height=\"400\" src=\"\/\/maps.google.com\/maps?q=Arber&amp;output=embed\" title=\"\"><\/iframe><\/div>\n<\/div>\n<div class=\"tabbertab\">\n<h3>Wetter<\/h3>\n<table border=\"0\">\n<tr>\n<th align=\"left\" valign=\"top\" width=\"200\" height=\"75\">\n<a href=\"https:\/\/www.weatheronline.co.uk\/cgi-bin\/homecif?WMO=x4327&#038;L=en&#038;WIDTH=180&#038;HEIGHT=150&#038;CLOUD=1&#038;V=2\" target=\"Angebote\" id=\"myfavorite\" rel=\"noopener noreferrer\"><\/p>\n<h4>Bodenmais Zellertal<\/h4>\n<p><\/a><\/p>\n<hr>\n<p><br clear=all><\/p>\n<\/th>\n<th align=\"center\" valign=\"top\" width=\"200\"> <center>Wettervorhersage<\/center><br \/>\n <br \/><iframe loading=\"lazy\" frameborder=\"0\" width=\"300\" height=\"300\" src=\"https:\/\/www.weatheronline.co.uk\/cgi-bin\/homecif?WMO=x4327&#038;L=en&#038;WIDTH=180&#038;HEIGHT=150&#038;CLOUD=1&#038;V=2\" name=\"Wetter Bodenmais\" scrolling=\"auto\"><\/iframe>\n<\/th>\n<th align=\"right\"  valign=\"top\" width=\"0\"><\/th>\n<\/tr>\n<\/tr>\n<\/table>\n<\/div>\n<div class=\"tabbertab\">\n<h3>Ziele<\/h3>\n<h5>Sehensw\u00fcrdigkeiten Ausflugsziele Wanderziele<\/h5>\n<p><a href=\"https:\/\/pension-en.de\/hotels\/wp-content\/uploads\/01a-naturpark-bayerwald-blick-vom-aussicht-grosser-arber.jpg\"><img loading=\"lazy\" decoding=\"async\" src=\"https:\/\/pension-en.de\/hotels\/wp-content\/uploads\/01a-naturpark-bayerwald-blick-vom-aussicht-grosser-arber-300x200.jpg\" alt=\"Naturpark Bayerwald Grosser Arber\" width=\"300\" height=\"200\" class=\"alignleft size-medium wp-image-79\" srcset=\"https:\/\/pension-en.de\/wp-content\/uploads\/01a-naturpark-bayerwald-blick-vom-aussicht-grosser-arber-300x200.jpg 300w, https:\/\/pension-en.de\/wp-content\/uploads\/01a-naturpark-bayerwald-blick-vom-aussicht-grosser-arber-450x300.jpg 450w, https:\/\/pension-en.de\/wp-content\/uploads\/01a-naturpark-bayerwald-blick-vom-aussicht-grosser-arber.jpg 699w\" sizes=\"auto, (max-width: 300px) 100vw, 300px\" \/><\/a> Zu den wichtigsten Ausflugszielen und ein Pflichtbesuch is der Gipfel des Grossen Arber auf 1.456 Metern H\u00f6he gelegen mit einer Spektakul\u00e4ren Aussicht in die Arberregion der schnellste Weg nach oben ist in einer Gondel der Seilbahn wenn Ihr nicht zum Berggipfel Wandern wollt in wenigen Minuten gelangt Ihr so bis knapp unter den Bergipfel bis zu dem es dann nur noch wenige Meter Bergauf zum Gipfelkreuz sind festes Schuwerk wird empfohlen. Seilbahnkosten f\u00fcr eine Berg- und Talfahrt Erwachsene 11.- \u20ac Kinder 8,00 EUR, nur Bergfahrt Erw. 8.50 \u20ac Kinder 7.- \u20ac, Talfahrt Erw. 8.50 \u20ac Kinder 7.- \u20ac<br \/>\n<br \/>\n<a href=\"https:\/\/pension-en.de\/hotels\/wp-content\/uploads\/01-grosser-arbersee.jpg\"><img loading=\"lazy\" decoding=\"async\" src=\"https:\/\/pension-en.de\/hotels\/wp-content\/uploads\/01-grosser-arbersee-300x200.jpg\" alt=\"Karseen - Gro\u00dfer Arbersee\" width=\"300\" height=\"200\" class=\"alignright size-medium wp-image-80\" srcset=\"https:\/\/pension-en.de\/wp-content\/uploads\/01-grosser-arbersee-300x200.jpg 300w, https:\/\/pension-en.de\/wp-content\/uploads\/01-grosser-arbersee-450x300.jpg 450w, https:\/\/pension-en.de\/wp-content\/uploads\/01-grosser-arbersee.jpg 699w\" sizes=\"auto, (max-width: 300px) 100vw, 300px\" \/><\/a> Wir empfehlen Ihnen den Besch des Gro\u00dfen Arbersee er ist ein Relikt der Eiszeit (Karseen) und von einem dichten Urwald und Hochwald umschlossen und steht seit 1939 unter Naturschutz. Sein Rundwanderweg der am Ufer entlang verl\u00e4uft l\u00e4d die ganze Familie ob Gross oder Klein zum Wandern ein. Er ist der meistbesuchte See mit etwa einer halben Million Besucher pro Jahr des Bayerischen Waldes der Besuch und Rundwanderweg ist kostenlos, am Zugang des See kann man auch Tretboote mieten f\u00fcr 4 Personen 7.50 \u20ac + 2.50 \u20ac Pfand f\u00fcr die Halbestunde kostet dieser Spass <a href=\"https:\/\/de.wikipedia.org\/wiki\/Gro%C3%9Fer_Arbersee\" target=\"_blank\" rel=\"noopener noreferrer\">mehr Infos zum See findet Ihr hier<\/a><br \/>\n<br \/>\n<a href=\"https:\/\/pension-en.de\/hotels\/wp-content\/uploads\/01a-bayern-naturpark-bayerwald-wald-wipfel-weg-sankt-englmar-maibrunn.jpg\"><img loading=\"lazy\" decoding=\"async\" src=\"https:\/\/pension-en.de\/hotels\/wp-content\/uploads\/01a-bayern-naturpark-bayerwald-wald-wipfel-weg-sankt-englmar-maibrunn-300x200.jpg\" alt=\"Waldwipfelweg Sankt Englmar Maibrunn\" width=\"300\" height=\"200\" class=\"alignleft size-medium wp-image-82\" srcset=\"https:\/\/pension-en.de\/wp-content\/uploads\/01a-bayern-naturpark-bayerwald-wald-wipfel-weg-sankt-englmar-maibrunn-300x200.jpg 300w, https:\/\/pension-en.de\/wp-content\/uploads\/01a-bayern-naturpark-bayerwald-wald-wipfel-weg-sankt-englmar-maibrunn-450x300.jpg 450w, https:\/\/pension-en.de\/wp-content\/uploads\/01a-bayern-naturpark-bayerwald-wald-wipfel-weg-sankt-englmar-maibrunn.jpg 699w\" sizes=\"auto, (max-width: 300px) 100vw, 300px\" \/><\/a> Ihr seht auf dem Bild einen Teil des Wald Wipfel Weg Sankt Englmar &#8211; Maibrunn den man zwischen den Baumwipfeln und mit einer guten Aussicht bei sch\u00f6nem Wetter \u00fcber den Bayerischen Wald begehen kann, ist sicher ein Erlebnis f\u00fcr jung und alt also f\u00fcr die ganze Familie, wenn man den Pfad in luftiger H\u00f6he bis zu 30 m hoch gemeistert hat, schliest sich am Boden noch ein Naturerlebnispfad an, auf dem man Wissenswertes zu unserer einheimischen Natur vermittelt bekommt Dieses Ausflugsziel ist ganzj\u00e4hrig ge\u00f6ffnet, mehr Infos findet Ihr unter <a href=\"https:\/\/www.waldwipfelweg.de\" target=\"_blank\" rel=\"noopener noreferrer\">www.waldwipfelweg.de<\/a><br \/>\n<br \/>\n<a href=\"https:\/\/pension-en.de\/hotels\/wp-content\/uploads\/0-markt-strasse-93444-bad-koetzting-bayern.jpg\"><img loading=\"lazy\" decoding=\"async\" src=\"https:\/\/pension-en.de\/hotels\/wp-content\/uploads\/0-markt-strasse-93444-bad-koetzting-bayern-300x200.jpg\" alt=\"Markt 93444 Bad K\u00f6tzting\" width=\"300\" height=\"200\" class=\"alignright size-medium wp-image-86\" srcset=\"https:\/\/pension-en.de\/wp-content\/uploads\/0-markt-strasse-93444-bad-koetzting-bayern-300x200.jpg 300w, https:\/\/pension-en.de\/wp-content\/uploads\/0-markt-strasse-93444-bad-koetzting-bayern-450x300.jpg 450w, https:\/\/pension-en.de\/wp-content\/uploads\/0-markt-strasse-93444-bad-koetzting-bayern.jpg 699w\" sizes=\"auto, (max-width: 300px) 100vw, 300px\" \/><\/a> Ein Ausflug nach Bad K\u00f6tzting lohnt sich nicht nur bei schlechtem Wetter es gibt gute Einkaufsm\u00f6glichkeiten und Restaurants aber wir empfehlen Ihnendiesen Ort wenn Sie irgendwo im <strong><em>Naturpark<\/em><\/strong> bei nicht so gutem Wetter fest sitzen den dieser Urlaubsort hat ein <a href=\"https:\/\/aqacur.de\/05_preise\/5a.html\" title=\"\u00d6ffnugszeiten und Eintriitspreise\" target=\"_blank\" rel=\"noopener noreferrer\">Erlebis und Freizeitbad AQACUR<\/a> was Einzelreisende, Familien mit Kindern zum Schwimmen, Saunieren, Entspannen und Erholen Einl\u00e4d.<br \/>\n.<br \/>\n.<br \/>\n.<br \/>\n<br \/>\n<a href=\"https:\/\/pension-en.de\/hotels\/wp-content\/uploads\/0-winter-sommer-rodel-bahn-egidi-buckel-rodel-freizeitparadies-sankt-englmar-ortsteil-gruen.jpg\"><img loading=\"lazy\" decoding=\"async\" src=\"https:\/\/pension-en.de\/hotels\/wp-content\/uploads\/0-winter-sommer-rodel-bahn-egidi-buckel-rodel-freizeitparadies-sankt-englmar-ortsteil-gruen-300x200.jpg\" alt=\"Bob Coaster Sommerrodelbahn Egidibuckel Freizeitparadies Familien mit Kindern\" width=\"300\" height=\"200\" class=\"alignleft size-medium wp-image-87\" srcset=\"https:\/\/pension-en.de\/wp-content\/uploads\/0-winter-sommer-rodel-bahn-egidi-buckel-rodel-freizeitparadies-sankt-englmar-ortsteil-gruen-300x200.jpg 300w, https:\/\/pension-en.de\/wp-content\/uploads\/0-winter-sommer-rodel-bahn-egidi-buckel-rodel-freizeitparadies-sankt-englmar-ortsteil-gruen-450x300.jpg 450w, https:\/\/pension-en.de\/wp-content\/uploads\/0-winter-sommer-rodel-bahn-egidi-buckel-rodel-freizeitparadies-sankt-englmar-ortsteil-gruen.jpg 699w\" sizes=\"auto, (max-width: 300px) 100vw, 300px\" \/><\/a> Ideal f\u00fcr Familien mit Kindern ist ein Ausflug zu den 2 <a href=\"https:\/\/www.sommerrodeln.de\/bob-coaster\/bob-und-coaster.html\" title=\"l\u00e4ngse Sommerrodelbahn\" target=\"_blank\" rel=\"noopener noreferrer\">l\u00e4ngsten Sommerrodelbahnen<\/a> mit je 1.000 Metern L\u00e4nge am Egidi-Buckel in St. Englmar im Ortsteil Gr\u00fcn. Diesen Ausflug k\u00f6nnen Sie f\u00fcr den ganzen Tag Planen es gibt auf dem Gel\u00e4nde vom Freizeitparadies noch ein Bungee-Trampolin, einen Kletterspielplatz mit Vogelnestbaum sowie einen Kletterfelsen und vieles mehr nicht zu vergessen es ist auch ein Restaurant das mit leckeren Speisen aus der Region f\u00fcr Ihr Leibliches wohl sorgt.\n<\/div>\n<\/div>\n<div class=\"su-spacer\" style=\"height:40px\"><\/div>\n<div class=\"tabber\">\n<div class=\"tabbertab\">\n<h3>Bilder<\/h3>\n\n\t\t<style type=\"text\/css\">\n\t\t\t#gallery-1 {\n\t\t\t\tmargin: auto;\n\t\t\t}\n\t\t\t#gallery-1 .gallery-item {\n\t\t\t\tfloat: left;\n\t\t\t\tmargin-top: 10px;\n\t\t\t\ttext-align: center;\n\t\t\t\twidth: 14%;\n\t\t\t}\n\t\t\t#gallery-1 img {\n\t\t\t\tborder: 2px solid #cfcfcf;\n\t\t\t}\n\t\t\t#gallery-1 .gallery-caption {\n\t\t\t\tmargin-left: 0;\n\t\t\t}\n\t\t\t\/* see gallery_shortcode() in wp-includes\/media.php *\/\n\t\t<\/style>\n\t\t<div id='gallery-1' class='gallery galleryid-393 gallery-columns-7 gallery-size-thumbnail'><dl class='gallery-item'>\n\t\t\t<dt class='gallery-icon landscape'>\n\t\t\t\t<a href='https:\/\/pension-en.de\/wp-content\/uploads\/01-bayern-urlaub-93471-arnbruck-hotel-zur-poschinger-huette-zellertal-bayerwald.jpg'><img loading=\"lazy\" decoding=\"async\" width=\"150\" height=\"150\" src=\"https:\/\/pension-en.de\/wp-content\/uploads\/01-bayern-urlaub-93471-arnbruck-hotel-zur-poschinger-huette-zellertal-bayerwald-150x150.jpg\" class=\"attachment-thumbnail size-thumbnail\" alt=\"bayerwald\" \/><\/a>\n\t\t\t<\/dt><\/dl><dl class='gallery-item'>\n\t\t\t<dt class='gallery-icon landscape'>\n\t\t\t\t<a href='https:\/\/pension-en.de\/wp-content\/uploads\/0-winter-sommer-rodel-bahn-egidi-buckel-rodel-freizeitparadies-sankt-englmar-ortsteil-gruen.jpg'><img loading=\"lazy\" decoding=\"async\" width=\"150\" height=\"150\" src=\"https:\/\/pension-en.de\/wp-content\/uploads\/0-winter-sommer-rodel-bahn-egidi-buckel-rodel-freizeitparadies-sankt-englmar-ortsteil-gruen-150x150.jpg\" class=\"attachment-thumbnail size-thumbnail\" alt=\"Sommerrodelbahn\" \/><\/a>\n\t\t\t<\/dt><\/dl><dl class='gallery-item'>\n\t\t\t<dt class='gallery-icon landscape'>\n\t\t\t\t<a href='https:\/\/pension-en.de\/wp-content\/uploads\/0-markt-strasse-93444-bad-koetzting-bayern.jpg'><img loading=\"lazy\" decoding=\"async\" width=\"150\" height=\"150\" src=\"https:\/\/pension-en.de\/wp-content\/uploads\/0-markt-strasse-93444-bad-koetzting-bayern-150x150.jpg\" class=\"attachment-thumbnail size-thumbnail\" alt=\"Bad K\u00f6tzting\" \/><\/a>\n\t\t\t<\/dt><\/dl><dl class='gallery-item'>\n\t\t\t<dt class='gallery-icon landscape'>\n\t\t\t\t<a href='https:\/\/pension-en.de\/wp-content\/uploads\/01a-bayern-naturpark-bayerwald-wald-wipfel-weg-sankt-englmar-maibrunn.jpg'><img loading=\"lazy\" decoding=\"async\" width=\"150\" height=\"150\" src=\"https:\/\/pension-en.de\/wp-content\/uploads\/01a-bayern-naturpark-bayerwald-wald-wipfel-weg-sankt-englmar-maibrunn-150x150.jpg\" class=\"attachment-thumbnail size-thumbnail\" alt=\"Waldwipfelweg\" \/><\/a>\n\t\t\t<\/dt><\/dl><dl class='gallery-item'>\n\t\t\t<dt class='gallery-icon landscape'>\n\t\t\t\t<a href='https:\/\/pension-en.de\/wp-content\/uploads\/01-grosser-arbersee.jpg'><img loading=\"lazy\" decoding=\"async\" width=\"150\" height=\"150\" src=\"https:\/\/pension-en.de\/wp-content\/uploads\/01-grosser-arbersee-150x150.jpg\" class=\"attachment-thumbnail size-thumbnail\" alt=\"Arbersee\" \/><\/a>\n\t\t\t<\/dt><\/dl><dl class='gallery-item'>\n\t\t\t<dt class='gallery-icon landscape'>\n\t\t\t\t<a href='https:\/\/pension-en.de\/wp-content\/uploads\/01a-naturpark-bayerwald-blick-vom-aussicht-grosser-arber.jpg'><img loading=\"lazy\" decoding=\"async\" width=\"150\" height=\"150\" src=\"https:\/\/pension-en.de\/wp-content\/uploads\/01a-naturpark-bayerwald-blick-vom-aussicht-grosser-arber-150x150.jpg\" class=\"attachment-thumbnail size-thumbnail\" alt=\"Arber\" \/><\/a>\n\t\t\t<\/dt><\/dl><dl class='gallery-item'>\n\t\t\t<dt class='gallery-icon landscape'>\n\t\t\t\t<a href='https:\/\/pension-en.de\/wp-content\/uploads\/0-ausflug-rundfahrt-bodenmais.jpg'><img loading=\"lazy\" decoding=\"async\" width=\"150\" height=\"150\" src=\"https:\/\/pension-en.de\/wp-content\/uploads\/0-ausflug-rundfahrt-bodenmais-150x150.jpg\" class=\"attachment-thumbnail size-thumbnail\" alt=\"Bodenmaisrundfahrt\" \/><\/a>\n\t\t\t<\/dt><\/dl><br style=\"clear: both\" \/>\n\t\t<\/div>\n\n<a href=\"https:\/\/1reisen.com\/fluege-flug-tickets-preisvergleich\/\" class=\"su-button su-button-style-3d\" style=\"color:#FFFFFF;background-color:#08b2b8;border-color:#078f94;border-radius:5px\" target=\"_blank\" rel=\"noopener noreferrer\"><span style=\"color:#FFFFFF;padding:0px 16px;font-size:13px;line-height:26px;border-color:#53cace;border-radius:5px;text-shadow:-1px 1px 1px #000000\"> Fl\u00fcge billig buchen<\/span><\/a>\n<p><font size=\"1\" color=\"#f4eeee\"><br \/>\n<marquee><b>Angebote: 1 Tag, 2 Tage, 3 Tage, 4 Tage, 5 Tage, 6 Tage, 7 Tage, 8 Tage, 9 Tage, 10 Tage, 11 Tage, 12 Tage, 13 Tage, 14 Tage, 15 Tage, 16 Tage, 17 Tage, 18 Tage, 19 Tage, 20 Tage, 21 Tage, 1 Woche, 2 Wochen, 3 Wochen, 4 Wochen, Reiseangebote unter 50, unter 100, unter 200 unter 300 unter 400 unter 500 Euro 600 unter 700 unter 800, 900, 1000, 1100, bis 1200, bis 1300, bis 1400, bis 1500, bis 1600, bis 1700, bis 1800, bis 1900, bis 2000, bis 2100, bis 2200, bis 2300, bis 2400, bis 2500, bis 2600, bis 2700 Pro Person <\/b><\/marquee><\/font> <\/p>\n<\/p>\n<p>\n<\/div>\n<div class=\"tabbertab\">\n<h3>.<\/h3>\n<h5>Reise und Urlaubsangebote in Arnbruck Bodenmais Arber Drachselsried Cham St. Englmar Bad K\u00f6tzting Viechtach Regen Bogen Passau Lam Bayerisch Eisenstein Zwiesel Achslach Aicha vorm Wald Arnschwang Arrach Bad F\u00fcssing Bad Griesbach B\u00e4rnau Beratzhausen Bernried Bischofsmais Breitenberg Bruck B\u00fcchlberg Cerna v. Posumavi Nova Pec Nyrsko Volary Zdikov Dietersburg Eging am See Eppenschlag Eschlkam Etzelwang Falkenfels Falkenstein Frauenau Freudenberg Freyung F\u00fcrstenstein Furth im Wald Geiersthal Glei\u00dfenberg Gotteszell Grafenau Grafenwiesen Grafling Grainet Gro\u00dfgundertshausen Haibach Haidm\u00fchle-Bischofsreut Haselbach Hauzenberg Hebertsfelden Hengersberg Hinterschmiding Hohenau Hohenwarth Hutthurm Innernzell Kastl Kellberg Kirchberg i.W. Kirchdorf Kollnburg Konzell Lalling Langdorf Lindberg Lohberg M\u00e4hring Mauth Miltach Neukirchen b. Hl. Blut Neukirchen beim Heiligen Blut Neukirchen bei St. Englmar Neukirchen v.W. Neunburg v. W. Neureichenau Neusch\u00f6nau Neustadt an der Waldnab Nittenau Obernzell Offenberg Patersdorf Perlesreut Pfarrkirchen Philippsreut Pilgramsberg Ploessberg Pullenreuth Rattenberg Rimbach Rinchnach Ringelai R\u00f6hrnbach R\u00f6tz Ruderting Ruhmannsfelden Saldenburg Salzweg Schmidgaden Sch\u00f6fweg Sch\u00f6llnach Sch\u00f6nberg Sch\u00f6nthal Schwarzach Sonnen Spiegelau St. Oswald Stamsried Tann Teisnach Thurmansbang Tiefenbach Tiefenbach\/Obpf. Tirschenreuth Tittling Treffelstein Untergriesbach Viechtach Vohenstrau\u00df Walderbach Waldershof Waldkirchen Waldm\u00fcnchen Wegscheid Weiding Wiesau Windischeschenbach Windorf Zachenberg Zandt Zenting Zwiesel bei eigener Anreise.<\/h5>\n<p>\n<\/div>\n<\/div>\n","protected":false},"excerpt":{"rendered":"<p>Hotel Pension im Bayerischer Wald ideal f\u00fcr Familien mit Kindern Hotel Empfehlung Die bei Stammg\u00e4sten sehr beliebte Pension Zur Poschinger H\u00fctte im Zellertal zwischen den Kurorten Bodenmais und Bad K\u00f6tzting an der Glasstra\u00dfe, ruhig am Waldrand gelegen ist ideal f\u00fcr &hellip; <a href=\"https:\/\/pension-en.de\/hotels\/bayern-urlaub-bayerischer-wald\">Weiterlesen <span class=\"meta-nav\">&rarr;<\/span><\/a><\/p>\n","protected":false},"author":1,"featured_media":0,"parent":0,"menu_order":0,"comment_status":"closed","ping_status":"closed","template":"","meta":{"footnotes":""},"class_list":["post-393","page","type-page","status-publish","hentry"],"_links":{"self":[{"href":"https:\/\/pension-en.de\/hotels\/wp-json\/wp\/v2\/pages\/393","targetHints":{"allow":["GET"]}}],"collection":[{"href":"https:\/\/pension-en.de\/hotels\/wp-json\/wp\/v2\/pages"}],"about":[{"href":"https:\/\/pension-en.de\/hotels\/wp-json\/wp\/v2\/types\/page"}],"author":[{"embeddable":true,"href":"https:\/\/pension-en.de\/hotels\/wp-json\/wp\/v2\/users\/1"}],"replies":[{"embeddable":true,"href":"https:\/\/pension-en.de\/hotels\/wp-json\/wp\/v2\/comments?post=393"}],"version-history":[{"count":8,"href":"https:\/\/pension-en.de\/hotels\/wp-json\/wp\/v2\/pages\/393\/revisions"}],"predecessor-version":[{"id":454,"href":"https:\/\/pension-en.de\/hotels\/wp-json\/wp\/v2\/pages\/393\/revisions\/454"}],"wp:attachment":[{"href":"https:\/\/pension-en.de\/hotels\/wp-json\/wp\/v2\/media?parent=393"}],"curies":[{"name":"wp","href":"https:\/\/api.w.org\/{rel}","templated":true}]}}