{"id":401,"date":"2021-04-28T22:09:17","date_gmt":"2021-04-28T20:09:17","guid":{"rendered":"https:\/\/pension-en.de\/hotels\/?page_id=401"},"modified":"2023-01-23T15:56:05","modified_gmt":"2023-01-23T13:56:05","slug":"welcome","status":"publish","type":"page","link":"https:\/\/pension-en.de\/hotels\/welcome","title":{"rendered":"Willkommen"},"content":{"rendered":"<h3>Pension Hotel mit Doppelzimmer Einzelzimmer mit Fr\u00fchst\u00fcck Halbpension All-inclusive<\/h3>\n<div class=\"tabber\">\n<div class=\"tabbertab\">\n<h3>Hotelsuche<\/h3>\n<div class=\"su-spacer\" style=\"height:30px\"><\/div>\n<div\n  data-skyscanner-widget=\"MultiVerticalWidget\"\n  data-locale=\"de-DE\"\n  data-market=\"DE\"\n  data-currency=\"EUR\"\n  data-media-partner-id=\"2891447\"\n  data-origin-geo-lookup=\"true\"\n  data-direct-flights=\"true\"\n  data-flights-cabin-classes=\"true\"\n  data-powered-by-logo-colour=\"light\"\n  data-verticals-default-tab=\"hotels\"\n><\/div>\n<p><script src=\"https:\/\/widgets.skyscanner.net\/widget-server\/js\/loader.js\" async><\/script>\n<\/div>\n<div class=\"tabbertab\">\n<h3>Pauschalhotel<\/h3>\n<p><tbe page=\"region\" param-pid=\"A-29203-4\" param-cntry=\" \" param-ddate=\"7\" param-rdate=\"120\" param-dur=\"1\" param-ngn=\"hotel\"><\/p>\n<div class=\"tbe-loading\"><\/div>\n<p><\/tbe>Pauschalunterkunft<\/a><br \/>\n<\/iframe><br \/>\n<div class=\"su-spacer\" style=\"height:100px\"><\/div>\n<\/div>\n<\/div>\n<div class=\"tabber\">\n<div class=\"tabbertab\">\n<h3>Karte<\/h3>\n<p> <b>Finden Sie die beste Route zu Ihrer Unterkunft<\/b><\/p>\n<div class=\"su-gmap su-u-responsive-media-yes\"><iframe loading=\"lazy\" width=\"500\" height=\"400\" src=\"\/\/maps.google.com\/maps?q=Europa&amp;output=embed\" title=\"\"><\/iframe><\/div>\n<p><i>Pension Hotel mit Doppelzimmer Einzelzimmer mit Fr\u00fchst\u00fcck Halbpension All-inclusive<\/i>\n<\/div>\n<div class=\"tabbertab\">\n<h3>Wetter<\/h3>\n<table border=\"0\">\n<tr>\n<th align=\"left\" valign=\"top\" width=\"200\" height=\"75\">\n<a href=\"https:\/\/www.weatheronline.co.uk\/cgi-bin\/homecif?WMO=10384&#038;L=en&#038;WIDTH=180&#038;HEIGHT=150&#038;CLOUD=1&#038;V=2\" target=\"Angebote\" id=\"myfavorite\" rel=\"noopener\"><\/a><\/p>\n<h4>Wetter<\/h4>\n<\/p>\n<hr \/>\n<p><br clear=all><\/p>\n<\/th border=\"0\">\n<th align=\"center\" valign=\"top\" width=\"200\" border=\"0\"> <center><\/p>\n<h5>Wettervorhersage<\/h5>\n<p><\/center><\/p>\n<p><iframe loading=\"lazy\" width=\"185\" height=\"155\" src=\"https:\/\/www.weatheronline.co.uk\/cgi-bin\/homecif?WMO=10384&#038;L=en&#038;WIDTH=180&#038;HEIGHT=150&#038;CLOUD=1&#038;V=2\" name=\"Angebote\" scrolling=\"auto\"><\/iframe>\n<\/th>\n<th align=\"right\"  valign=\"top\" width=\"0\" border=\"0\"><\/th>\n<\/tr>\n<\/tr>\n<\/table>\n<\/div>\n<div class=\"tabbertab\">\n<h3>Info<\/h3>\n<p>Hier werden wir Ihnen Aktuelle Nachrichten sowie Entwicklungen am Reisemarkt der verschiedenen Veranstalter mitteilen, <strong>Empfehlungen f\u00fcr Reisel\u00e4nder<\/strong> sowie dort befindliche Hotels, Pensionen, G\u00e4steh\u00e4user, Hostels, Fincas, Ferienh\u00e4user und Ferienwohnungen von preiswerten zwei Sterne H\u00e4usern bis gehobenen f\u00fcnf Sterne Unterk\u00fcnften ver\u00f6ffentlichen.<\/p>\n<\/div>\n<\/div>\n<div class=\"su-spacer\" style=\"height:40px\"><\/div>\n<h3>Willkommen auf unserer Info Neues Pensionen zum Thema Reisen in den Urlaub.<\/h3>\n","protected":false},"excerpt":{"rendered":"<p>Pension Hotel mit Doppelzimmer Einzelzimmer mit Fr\u00fchst\u00fcck Halbpension All-inclusive Hotelsuche Pauschalhotel Pauschalunterkunft Karte Finden Sie die beste Route zu Ihrer Unterkunft Pension Hotel mit Doppelzimmer Einzelzimmer mit Fr\u00fchst\u00fcck Halbpension All-inclusive Wetter Wetter Wettervorhersage Info Hier werden wir Ihnen Aktuelle Nachrichten &hellip; <a href=\"https:\/\/pension-en.de\/hotels\/welcome\">Weiterlesen <span class=\"meta-nav\">&rarr;<\/span><\/a><\/p>\n","protected":false},"author":1,"featured_media":0,"parent":0,"menu_order":0,"comment_status":"closed","ping_status":"closed","template":"","meta":{"footnotes":""},"class_list":["post-401","page","type-page","status-publish","hentry"],"_links":{"self":[{"href":"https:\/\/pension-en.de\/hotels\/wp-json\/wp\/v2\/pages\/401","targetHints":{"allow":["GET"]}}],"collection":[{"href":"https:\/\/pension-en.de\/hotels\/wp-json\/wp\/v2\/pages"}],"about":[{"href":"https:\/\/pension-en.de\/hotels\/wp-json\/wp\/v2\/types\/page"}],"author":[{"embeddable":true,"href":"https:\/\/pension-en.de\/hotels\/wp-json\/wp\/v2\/users\/1"}],"replies":[{"embeddable":true,"href":"https:\/\/pension-en.de\/hotels\/wp-json\/wp\/v2\/comments?post=401"}],"version-history":[{"count":12,"href":"https:\/\/pension-en.de\/hotels\/wp-json\/wp\/v2\/pages\/401\/revisions"}],"predecessor-version":[{"id":492,"href":"https:\/\/pension-en.de\/hotels\/wp-json\/wp\/v2\/pages\/401\/revisions\/492"}],"wp:attachment":[{"href":"https:\/\/pension-en.de\/hotels\/wp-json\/wp\/v2\/media?parent=401"}],"curies":[{"name":"wp","href":"https:\/\/api.w.org\/{rel}","templated":true}]}}